{"id":10306,"date":"2018-06-01T14:21:19","date_gmt":"2018-06-01T12:21:19","guid":{"rendered":"https:\/\/www.nedapsecurity.com\/news-blog\/"},"modified":"2023-03-09T14:25:45","modified_gmt":"2023-03-09T13:25:45","slug":"aktualnosci-i-blog","status":"publish","type":"page","link":"https:\/\/www.nedapsecurity.com\/pl\/aktualnosci-i-blog\/","title":{"rendered":"Aktualno\u015bci i blog"},"content":{"rendered":"","protected":false},"excerpt":{"rendered":"","protected":false},"author":1,"featured_media":7253,"parent":0,"menu_order":415,"comment_status":"closed","ping_status":"closed","template":"page-community.php","meta":{"_acf_changed":false,"content-type":"","inline_featured_image":false,"footnotes":""},"class_list":["post-10306","page","type-page","status-publish","has-post-thumbnail","hentry"],"acf":[],"yoast_head":"<!-- This site is optimized with the Yoast SEO plugin v27.5 - https:\/\/yoast.com\/product\/yoast-seo-wordpress\/ -->\n<title>Aktualno\u015bci i blog Nedap Security<\/title>\n<meta name=\"description\" content=\"B\u0105d\u017a na bie\u017c\u0105co z najnowszymi informacjami i trendami w dziedzinie bezpiecze\u0144stwa oraz odkryj, jak technologia Nedap Security.\" \/>\n<meta name=\"robots\" content=\"index, follow, max-snippet:-1, max-image-preview:large, max-video-preview:-1\" \/>\n<link rel=\"canonical\" href=\"https:\/\/www.nedapsecurity.com\/pl\/aktualnosci-i-blog\/\" \/>\n<meta property=\"og:locale\" content=\"pl_PL\" \/>\n<meta property=\"og:type\" content=\"article\" \/>\n<meta property=\"og:title\" content=\"Aktualno\u015bci i blog Nedap Security\" \/>\n<meta property=\"og:description\" content=\"B\u0105d\u017a na bie\u017c\u0105co z najnowszymi informacjami i trendami w dziedzinie bezpiecze\u0144stwa oraz odkryj, jak technologia Nedap Security.\" \/>\n<meta property=\"og:url\" content=\"https:\/\/www.nedapsecurity.com\/pl\/aktualnosci-i-blog\/\" \/>\n<meta property=\"og:site_name\" content=\"Nedap Security\" \/>\n<meta property=\"article:modified_time\" content=\"2023-03-09T13:25:45+00:00\" \/>\n<meta property=\"og:image\" content=\"https:\/\/www.nedapsecurity.com\/wp-content\/uploads\/2018\/10\/adult-busy-cafe-1426938.jpg\" \/>\n\t<meta property=\"og:image:width\" content=\"4000\" \/>\n\t<meta property=\"og:image:height\" content=\"2667\" \/>\n\t<meta property=\"og:image:type\" content=\"image\/jpeg\" \/>\n<meta name=\"twitter:card\" content=\"summary_large_image\" \/>\n<script type=\"application\/ld+json\" class=\"yoast-schema-graph\">{\"@context\":\"https:\\\/\\\/schema.org\",\"@graph\":[{\"@type\":\"WebPage\",\"@id\":\"https:\\\/\\\/www.nedapsecurity.com\\\/pl\\\/aktualnosci-i-blog\\\/\",\"url\":\"https:\\\/\\\/www.nedapsecurity.com\\\/pl\\\/aktualnosci-i-blog\\\/\",\"name\":\"Aktualno\u015bci i blog Nedap Security\",\"isPartOf\":{\"@id\":\"https:\\\/\\\/www.nedapsecurity.com\\\/pl\\\/#website\"},\"primaryImageOfPage\":{\"@id\":\"https:\\\/\\\/www.nedapsecurity.com\\\/pl\\\/aktualnosci-i-blog\\\/#primaryimage\"},\"image\":{\"@id\":\"https:\\\/\\\/www.nedapsecurity.com\\\/pl\\\/aktualnosci-i-blog\\\/#primaryimage\"},\"thumbnailUrl\":\"https:\\\/\\\/www.nedapsecurity.com\\\/wp-content\\\/uploads\\\/2018\\\/10\\\/adult-busy-cafe-1426938.jpg\",\"datePublished\":\"2018-06-01T12:21:19+00:00\",\"dateModified\":\"2023-03-09T13:25:45+00:00\",\"description\":\"B\u0105d\u017a na bie\u017c\u0105co z najnowszymi informacjami i trendami w dziedzinie bezpiecze\u0144stwa oraz odkryj, jak technologia Nedap Security.\",\"breadcrumb\":{\"@id\":\"https:\\\/\\\/www.nedapsecurity.com\\\/pl\\\/aktualnosci-i-blog\\\/#breadcrumb\"},\"inLanguage\":\"pl-PL\",\"potentialAction\":[{\"@type\":\"ReadAction\",\"target\":[\"https:\\\/\\\/www.nedapsecurity.com\\\/pl\\\/aktualnosci-i-blog\\\/\"]}]},{\"@type\":\"ImageObject\",\"inLanguage\":\"pl-PL\",\"@id\":\"https:\\\/\\\/www.nedapsecurity.com\\\/pl\\\/aktualnosci-i-blog\\\/#primaryimage\",\"url\":\"https:\\\/\\\/www.nedapsecurity.com\\\/wp-content\\\/uploads\\\/2018\\\/10\\\/adult-busy-cafe-1426938.jpg\",\"contentUrl\":\"https:\\\/\\\/www.nedapsecurity.com\\\/wp-content\\\/uploads\\\/2018\\\/10\\\/adult-busy-cafe-1426938.jpg\",\"width\":4000,\"height\":2667,\"caption\":\"Nedap news and blog\"},{\"@type\":\"BreadcrumbList\",\"@id\":\"https:\\\/\\\/www.nedapsecurity.com\\\/pl\\\/aktualnosci-i-blog\\\/#breadcrumb\",\"itemListElement\":[{\"@type\":\"ListItem\",\"position\":1,\"name\":\"Home\",\"item\":\"https:\\\/\\\/www.nedapsecurity.com\\\/pl\\\/\"},{\"@type\":\"ListItem\",\"position\":2,\"name\":\"Aktualno\u015bci i blog\"}]},{\"@type\":\"WebSite\",\"@id\":\"https:\\\/\\\/www.nedapsecurity.com\\\/pl\\\/#website\",\"url\":\"https:\\\/\\\/www.nedapsecurity.com\\\/pl\\\/\",\"name\":\"Nedap Security\",\"description\":\"Security for life\",\"publisher\":{\"@id\":\"https:\\\/\\\/www.nedapsecurity.com\\\/pl\\\/#organization\"},\"potentialAction\":[{\"@type\":\"SearchAction\",\"target\":{\"@type\":\"EntryPoint\",\"urlTemplate\":\"https:\\\/\\\/www.nedapsecurity.com\\\/pl\\\/?s={search_term_string}\"},\"query-input\":{\"@type\":\"PropertyValueSpecification\",\"valueRequired\":true,\"valueName\":\"search_term_string\"}}],\"inLanguage\":\"pl-PL\"},{\"@type\":\"Organization\",\"@id\":\"https:\\\/\\\/www.nedapsecurity.com\\\/pl\\\/#organization\",\"name\":\"Nedap N.V.\",\"url\":\"https:\\\/\\\/www.nedapsecurity.com\\\/pl\\\/\",\"logo\":{\"@type\":\"ImageObject\",\"inLanguage\":\"pl-PL\",\"@id\":\"https:\\\/\\\/www.nedapsecurity.com\\\/pl\\\/#\\\/schema\\\/logo\\\/image\\\/\",\"url\":\"https:\\\/\\\/www.nedapsecurity.com\\\/wp-content\\\/uploads\\\/2018\\\/09\\\/NEDAP-LOGO-HERO-RGB.png\",\"contentUrl\":\"https:\\\/\\\/www.nedapsecurity.com\\\/wp-content\\\/uploads\\\/2018\\\/09\\\/NEDAP-LOGO-HERO-RGB.png\",\"width\":720,\"height\":412,\"caption\":\"Nedap N.V.\"},\"image\":{\"@id\":\"https:\\\/\\\/www.nedapsecurity.com\\\/pl\\\/#\\\/schema\\\/logo\\\/image\\\/\"},\"sameAs\":[\"https:\\\/\\\/www.youtube.com\\\/channel\\\/UCAEgvtKdmWsCrTCRrqv58lQ\"]}]}<\/script>\n<!-- \/ Yoast SEO plugin. -->","yoast_head_json":{"title":"Aktualno\u015bci i blog Nedap Security","description":"B\u0105d\u017a na bie\u017c\u0105co z najnowszymi informacjami i trendami w dziedzinie bezpiecze\u0144stwa oraz odkryj, jak technologia Nedap Security.","robots":{"index":"index","follow":"follow","max-snippet":"max-snippet:-1","max-image-preview":"max-image-preview:large","max-video-preview":"max-video-preview:-1"},"canonical":"https:\/\/www.nedapsecurity.com\/pl\/aktualnosci-i-blog\/","og_locale":"pl_PL","og_type":"article","og_title":"Aktualno\u015bci i blog Nedap Security","og_description":"B\u0105d\u017a na bie\u017c\u0105co z najnowszymi informacjami i trendami w dziedzinie bezpiecze\u0144stwa oraz odkryj, jak technologia Nedap Security.","og_url":"https:\/\/www.nedapsecurity.com\/pl\/aktualnosci-i-blog\/","og_site_name":"Nedap Security","article_modified_time":"2023-03-09T13:25:45+00:00","og_image":[{"width":4000,"height":2667,"url":"https:\/\/www.nedapsecurity.com\/wp-content\/uploads\/2018\/10\/adult-busy-cafe-1426938.jpg","type":"image\/jpeg"}],"twitter_card":"summary_large_image","schema":{"@context":"https:\/\/schema.org","@graph":[{"@type":"WebPage","@id":"https:\/\/www.nedapsecurity.com\/pl\/aktualnosci-i-blog\/","url":"https:\/\/www.nedapsecurity.com\/pl\/aktualnosci-i-blog\/","name":"Aktualno\u015bci i blog Nedap Security","isPartOf":{"@id":"https:\/\/www.nedapsecurity.com\/pl\/#website"},"primaryImageOfPage":{"@id":"https:\/\/www.nedapsecurity.com\/pl\/aktualnosci-i-blog\/#primaryimage"},"image":{"@id":"https:\/\/www.nedapsecurity.com\/pl\/aktualnosci-i-blog\/#primaryimage"},"thumbnailUrl":"https:\/\/www.nedapsecurity.com\/wp-content\/uploads\/2018\/10\/adult-busy-cafe-1426938.jpg","datePublished":"2018-06-01T12:21:19+00:00","dateModified":"2023-03-09T13:25:45+00:00","description":"B\u0105d\u017a na bie\u017c\u0105co z najnowszymi informacjami i trendami w dziedzinie bezpiecze\u0144stwa oraz odkryj, jak technologia Nedap Security.","breadcrumb":{"@id":"https:\/\/www.nedapsecurity.com\/pl\/aktualnosci-i-blog\/#breadcrumb"},"inLanguage":"pl-PL","potentialAction":[{"@type":"ReadAction","target":["https:\/\/www.nedapsecurity.com\/pl\/aktualnosci-i-blog\/"]}]},{"@type":"ImageObject","inLanguage":"pl-PL","@id":"https:\/\/www.nedapsecurity.com\/pl\/aktualnosci-i-blog\/#primaryimage","url":"https:\/\/www.nedapsecurity.com\/wp-content\/uploads\/2018\/10\/adult-busy-cafe-1426938.jpg","contentUrl":"https:\/\/www.nedapsecurity.com\/wp-content\/uploads\/2018\/10\/adult-busy-cafe-1426938.jpg","width":4000,"height":2667,"caption":"Nedap news and blog"},{"@type":"BreadcrumbList","@id":"https:\/\/www.nedapsecurity.com\/pl\/aktualnosci-i-blog\/#breadcrumb","itemListElement":[{"@type":"ListItem","position":1,"name":"Home","item":"https:\/\/www.nedapsecurity.com\/pl\/"},{"@type":"ListItem","position":2,"name":"Aktualno\u015bci i blog"}]},{"@type":"WebSite","@id":"https:\/\/www.nedapsecurity.com\/pl\/#website","url":"https:\/\/www.nedapsecurity.com\/pl\/","name":"Nedap Security","description":"Security for life","publisher":{"@id":"https:\/\/www.nedapsecurity.com\/pl\/#organization"},"potentialAction":[{"@type":"SearchAction","target":{"@type":"EntryPoint","urlTemplate":"https:\/\/www.nedapsecurity.com\/pl\/?s={search_term_string}"},"query-input":{"@type":"PropertyValueSpecification","valueRequired":true,"valueName":"search_term_string"}}],"inLanguage":"pl-PL"},{"@type":"Organization","@id":"https:\/\/www.nedapsecurity.com\/pl\/#organization","name":"Nedap N.V.","url":"https:\/\/www.nedapsecurity.com\/pl\/","logo":{"@type":"ImageObject","inLanguage":"pl-PL","@id":"https:\/\/www.nedapsecurity.com\/pl\/#\/schema\/logo\/image\/","url":"https:\/\/www.nedapsecurity.com\/wp-content\/uploads\/2018\/09\/NEDAP-LOGO-HERO-RGB.png","contentUrl":"https:\/\/www.nedapsecurity.com\/wp-content\/uploads\/2018\/09\/NEDAP-LOGO-HERO-RGB.png","width":720,"height":412,"caption":"Nedap N.V."},"image":{"@id":"https:\/\/www.nedapsecurity.com\/pl\/#\/schema\/logo\/image\/"},"sameAs":["https:\/\/www.youtube.com\/channel\/UCAEgvtKdmWsCrTCRrqv58lQ"]}]}},"_links":{"self":[{"href":"https:\/\/www.nedapsecurity.com\/pl\/wp-json\/wp\/v2\/pages\/10306","targetHints":{"allow":["GET"]}}],"collection":[{"href":"https:\/\/www.nedapsecurity.com\/pl\/wp-json\/wp\/v2\/pages"}],"about":[{"href":"https:\/\/www.nedapsecurity.com\/pl\/wp-json\/wp\/v2\/types\/page"}],"author":[{"embeddable":true,"href":"https:\/\/www.nedapsecurity.com\/pl\/wp-json\/wp\/v2\/users\/1"}],"replies":[{"embeddable":true,"href":"https:\/\/www.nedapsecurity.com\/pl\/wp-json\/wp\/v2\/comments?post=10306"}],"version-history":[{"count":1,"href":"https:\/\/www.nedapsecurity.com\/pl\/wp-json\/wp\/v2\/pages\/10306\/revisions"}],"predecessor-version":[{"id":41003,"href":"https:\/\/www.nedapsecurity.com\/pl\/wp-json\/wp\/v2\/pages\/10306\/revisions\/41003"}],"wp:featuredmedia":[{"embeddable":true,"href":"https:\/\/www.nedapsecurity.com\/pl\/wp-json\/wp\/v2\/media\/7253"}],"wp:attachment":[{"href":"https:\/\/www.nedapsecurity.com\/pl\/wp-json\/wp\/v2\/media?parent=10306"}],"curies":[{"name":"wp","href":"https:\/\/api.w.org\/{rel}","templated":true}]}}